{"id":336,"date":"2022-03-07T15:14:53","date_gmt":"2022-03-07T14:14:53","guid":{"rendered":"https:\/\/anders-rum.com\/?page_id=336"},"modified":"2025-05-19T16:56:19","modified_gmt":"2025-05-19T16:56:19","slug":"blog","status":"publish","type":"page","link":"https:\/\/anders-rum.com\/index.php\/blog\/","title":{"rendered":"Logbuch"},"content":{"rendered":"\t\t<div data-elementor-type=\"wp-page\" data-elementor-id=\"336\" class=\"elementor elementor-336\" data-elementor-settings=\"{&quot;element_pack_global_tooltip_width&quot;:{&quot;unit&quot;:&quot;px&quot;,&quot;size&quot;:&quot;&quot;,&quot;sizes&quot;:[]},&quot;element_pack_global_tooltip_width_tablet&quot;:{&quot;unit&quot;:&quot;px&quot;,&quot;size&quot;:&quot;&quot;,&quot;sizes&quot;:[]},&quot;element_pack_global_tooltip_width_mobile&quot;:{&quot;unit&quot;:&quot;px&quot;,&quot;size&quot;:&quot;&quot;,&quot;sizes&quot;:[]},&quot;element_pack_global_tooltip_padding&quot;:{&quot;unit&quot;:&quot;px&quot;,&quot;top&quot;:&quot;&quot;,&quot;right&quot;:&quot;&quot;,&quot;bottom&quot;:&quot;&quot;,&quot;left&quot;:&quot;&quot;,&quot;isLinked&quot;:true},&quot;element_pack_global_tooltip_padding_tablet&quot;:{&quot;unit&quot;:&quot;px&quot;,&quot;top&quot;:&quot;&quot;,&quot;right&quot;:&quot;&quot;,&quot;bottom&quot;:&quot;&quot;,&quot;left&quot;:&quot;&quot;,&quot;isLinked&quot;:true},&quot;element_pack_global_tooltip_padding_mobile&quot;:{&quot;unit&quot;:&quot;px&quot;,&quot;top&quot;:&quot;&quot;,&quot;right&quot;:&quot;&quot;,&quot;bottom&quot;:&quot;&quot;,&quot;left&quot;:&quot;&quot;,&quot;isLinked&quot;:true},&quot;element_pack_global_tooltip_border_radius&quot;:{&quot;unit&quot;:&quot;px&quot;,&quot;top&quot;:&quot;&quot;,&quot;right&quot;:&quot;&quot;,&quot;bottom&quot;:&quot;&quot;,&quot;left&quot;:&quot;&quot;,&quot;isLinked&quot;:true},&quot;element_pack_global_tooltip_border_radius_tablet&quot;:{&quot;unit&quot;:&quot;px&quot;,&quot;top&quot;:&quot;&quot;,&quot;right&quot;:&quot;&quot;,&quot;bottom&quot;:&quot;&quot;,&quot;left&quot;:&quot;&quot;,&quot;isLinked&quot;:true},&quot;element_pack_global_tooltip_border_radius_mobile&quot;:{&quot;unit&quot;:&quot;px&quot;,&quot;top&quot;:&quot;&quot;,&quot;right&quot;:&quot;&quot;,&quot;bottom&quot;:&quot;&quot;,&quot;left&quot;:&quot;&quot;,&quot;isLinked&quot;:true}}\" data-elementor-post-type=\"page\">\n\t\t\t\t<div class=\"elementor-element elementor-element-cff349a e-grid e-con-boxed e-con e-parent\" data-id=\"cff349a\" data-element_type=\"container\">\n\t\t\t\t\t<div class=\"e-con-inner\">\n\t\t\t\t<div class=\"elementor-element elementor-element-6626540 elementor-posts--align-left elementor-grid-3 elementor-grid-tablet-2 elementor-grid-mobile-1 elementor-posts--thumbnail-top elementor-posts--show-avatar elementor-card-shadow-yes elementor-posts__hover-gradient elementor-widget elementor-widget-posts\" data-id=\"6626540\" data-element_type=\"widget\" data-settings=\"{&quot;cards_row_gap&quot;:{&quot;unit&quot;:&quot;px&quot;,&quot;size&quot;:30,&quot;sizes&quot;:[]},&quot;cards_columns&quot;:&quot;3&quot;,&quot;cards_columns_tablet&quot;:&quot;2&quot;,&quot;cards_columns_mobile&quot;:&quot;1&quot;,&quot;cards_row_gap_tablet&quot;:{&quot;unit&quot;:&quot;px&quot;,&quot;size&quot;:&quot;&quot;,&quot;sizes&quot;:[]},&quot;cards_row_gap_mobile&quot;:{&quot;unit&quot;:&quot;px&quot;,&quot;size&quot;:&quot;&quot;,&quot;sizes&quot;:[]}}\" data-widget_type=\"posts.cards\">\n\t\t\t\t<div class=\"elementor-widget-container\">\n\t\t\t\t\t\t\t<div class=\"elementor-posts-container elementor-posts elementor-posts--skin-cards elementor-grid\">\n\t\t\t\t<article class=\"elementor-post elementor-grid-item post-1411 post type-post status-publish format-standard hentry category-reisen\">\n\t\t\t<div class=\"elementor-post__card\">\n\t\t\t\t<div class=\"elementor-post__text\">\n\t\t\t\t<h4 class=\"elementor-post__title\">\n\t\t\t<a href=\"https:\/\/anders-rum.com\/index.php\/2025\/06\/10\/tag-3-heute-lassen-wir-es-ruhig-angehen\/\" >\n\t\t\t\tTag 3 &#8211; Pfingstwunder in Norwegen \u2013 Von Einkaufsdrama bis zur unheimlichen Begegnung\t\t\t<\/a>\n\t\t<\/h4>\n\t\t\t\t<div class=\"elementor-post__excerpt\">\n\t\t\t<p>Pfingstwunder in Norwegen \u2013 Von Einkaufsdrama bis zur unheimlichen Begegnung Dass Norwegen auch Pfingsten feiert? Wer h\u00e4tte das gedacht! Unsere Vorr\u00e4te wurden dadurch ein wenig<\/p>\n\t\t<\/div>\n\t\t\n\t\t<a class=\"elementor-post__read-more\" href=\"https:\/\/anders-rum.com\/index.php\/2025\/06\/10\/tag-3-heute-lassen-wir-es-ruhig-angehen\/\" aria-label=\"Read more about Tag 3 &#8211; Pfingstwunder in Norwegen \u2013 Von Einkaufsdrama bis zur unheimlichen Begegnung\" tabindex=\"-1\" >\n\t\t\tMehr \u00bb\t\t<\/a>\n\n\t\t\t\t<\/div>\n\t\t\t\t<div class=\"elementor-post__meta-data\">\n\t\t\t\t\t<span class=\"elementor-post-author\">\n\t\t\tAnders Rum\t\t<\/span>\n\t\t\t\t<span class=\"elementor-post-date\">\n\t\t\t10. Juni 2025\t\t<\/span>\n\t\t\t\t<\/div>\n\t\t\t\t\t<\/div>\n\t\t<\/article>\n\t\t\t\t<article class=\"elementor-post elementor-grid-item post-1408 post type-post status-publish format-standard hentry category-reisen\">\n\t\t\t<div class=\"elementor-post__card\">\n\t\t\t\t<div class=\"elementor-post__text\">\n\t\t\t\t<h4 class=\"elementor-post__title\">\n\t\t\t<a href=\"https:\/\/anders-rum.com\/index.php\/2025\/06\/09\/tag-2\/\" >\n\t\t\t\tTag 2 &#8211; Dorsch satt, deutsche Wertarbeit und ein Sauna-R\u00e4tsel \u2013 Ein Tag voller Highlights\t\t\t<\/a>\n\t\t<\/h4>\n\t\t\t\t<div class=\"elementor-post__excerpt\">\n\t\t\t<p>Dorsch satt, deutsche Wertarbeit und ein Sauna-R\u00e4tsel \u2013 Ein Tag voller Highlights Es gibt Tage, an denen einfach alles passt: Das Wetter spielt mit, die<\/p>\n\t\t<\/div>\n\t\t\n\t\t<a class=\"elementor-post__read-more\" href=\"https:\/\/anders-rum.com\/index.php\/2025\/06\/09\/tag-2\/\" aria-label=\"Read more about Tag 2 &#8211; Dorsch satt, deutsche Wertarbeit und ein Sauna-R\u00e4tsel \u2013 Ein Tag voller Highlights\" tabindex=\"-1\" >\n\t\t\tMehr \u00bb\t\t<\/a>\n\n\t\t\t\t<\/div>\n\t\t\t\t<div class=\"elementor-post__meta-data\">\n\t\t\t\t\t<span class=\"elementor-post-author\">\n\t\t\tAnders Rum\t\t<\/span>\n\t\t\t\t<span class=\"elementor-post-date\">\n\t\t\t9. Juni 2025\t\t<\/span>\n\t\t\t\t<\/div>\n\t\t\t\t\t<\/div>\n\t\t<\/article>\n\t\t\t\t<article class=\"elementor-post elementor-grid-item post-1406 post type-post status-publish format-standard hentry category-uncategorized\">\n\t\t\t<div class=\"elementor-post__card\">\n\t\t\t\t<div class=\"elementor-post__text\">\n\t\t\t\t<h4 class=\"elementor-post__title\">\n\t\t\t<a href=\"https:\/\/anders-rum.com\/index.php\/2025\/06\/08\/tag-1-ein-langer-tag-mit-vielen-ueberraschungen\/\" >\n\t\t\t\tTag 1 &#8211; Ein langer Tag mit vielen \u00dcberraschungen!\t\t\t<\/a>\n\t\t<\/h4>\n\t\t\t\t<div class=\"elementor-post__excerpt\">\n\t\t\t<p>Der Knotenkunde Direkt nach dem Aufstehen fr\u00fchst\u00fcckten wir ganz in Ruhe. Danach ging es an die Vorbereitung des Equipments. Ich gab eine kleine Knotenschule aus<\/p>\n\t\t<\/div>\n\t\t\n\t\t<a class=\"elementor-post__read-more\" href=\"https:\/\/anders-rum.com\/index.php\/2025\/06\/08\/tag-1-ein-langer-tag-mit-vielen-ueberraschungen\/\" aria-label=\"Read more about Tag 1 &#8211; Ein langer Tag mit vielen \u00dcberraschungen!\" tabindex=\"-1\" >\n\t\t\tMehr \u00bb\t\t<\/a>\n\n\t\t\t\t<\/div>\n\t\t\t\t<div class=\"elementor-post__meta-data\">\n\t\t\t\t\t<span class=\"elementor-post-author\">\n\t\t\tAnders Rum\t\t<\/span>\n\t\t\t\t<span class=\"elementor-post-date\">\n\t\t\t8. Juni 2025\t\t<\/span>\n\t\t\t\t<\/div>\n\t\t\t\t\t<\/div>\n\t\t<\/article>\n\t\t\t\t<article class=\"elementor-post elementor-grid-item post-1395 post type-post status-publish format-standard has-post-thumbnail hentry category-reisen\">\n\t\t\t<div class=\"elementor-post__card\">\n\t\t\t\t<a class=\"elementor-post__thumbnail__link\" href=\"https:\/\/anders-rum.com\/index.php\/2025\/06\/07\/tag-0-wir-sind-angekommen\/\" tabindex=\"-1\" ><div class=\"elementor-post__thumbnail\"><img fetchpriority=\"high\" decoding=\"async\" width=\"300\" height=\"169\" src=\"https:\/\/anders-rum.com\/wp-content\/uploads\/2025\/06\/20250606_134951330_iOS-300x169.jpg\" class=\"attachment-medium size-medium wp-image-1400\" alt=\"\" srcset=\"https:\/\/anders-rum.com\/wp-content\/uploads\/2025\/06\/20250606_134951330_iOS-300x169.jpg 300w, https:\/\/anders-rum.com\/wp-content\/uploads\/2025\/06\/20250606_134951330_iOS-1024x576.jpg 1024w, https:\/\/anders-rum.com\/wp-content\/uploads\/2025\/06\/20250606_134951330_iOS-768x432.jpg 768w, https:\/\/anders-rum.com\/wp-content\/uploads\/2025\/06\/20250606_134951330_iOS-1536x864.jpg 1536w, https:\/\/anders-rum.com\/wp-content\/uploads\/2025\/06\/20250606_134951330_iOS-2048x1152.jpg 2048w\" sizes=\"(max-width: 300px) 100vw, 300px\" \/><\/div><\/a>\n\t\t\t\t<div class=\"elementor-post__badge\">Reisen<\/div>\n\t\t\t\t<div class=\"elementor-post__avatar\">\n\t\t\t<img alt='Anders Rum' src='https:\/\/secure.gravatar.com\/avatar\/398ddbb0e7d4727c78429ef8fadfcff4bc014567dcbe9f4a33fa51fb9d727cb5?s=128&#038;d=mm&#038;r=g' srcset='https:\/\/secure.gravatar.com\/avatar\/398ddbb0e7d4727c78429ef8fadfcff4bc014567dcbe9f4a33fa51fb9d727cb5?s=256&#038;d=mm&#038;r=g 2x' class='avatar avatar-128 photo' height='128' width='128' \/>\t\t<\/div>\n\t\t\t\t<div class=\"elementor-post__text\">\n\t\t\t\t<h4 class=\"elementor-post__title\">\n\t\t\t<a href=\"https:\/\/anders-rum.com\/index.php\/2025\/06\/07\/tag-0-wir-sind-angekommen\/\" >\n\t\t\t\tTag 0 &#8211; Wir sind angekommen!\t\t\t<\/a>\n\t\t<\/h4>\n\t\t\t\t<div class=\"elementor-post__excerpt\">\n\t\t\t<p>Angekommen in Troms\u00f6 wurden wir bereits von weitem gemustert und mit all unserem Gerassel total zuf\u00e4llig ausgew\u00e4hlt, um einer Zollkontrolle unterzogen zu werden. Kleinere Unstimmigkeiten<\/p>\n\t\t<\/div>\n\t\t\n\t\t<a class=\"elementor-post__read-more\" href=\"https:\/\/anders-rum.com\/index.php\/2025\/06\/07\/tag-0-wir-sind-angekommen\/\" aria-label=\"Read more about Tag 0 &#8211; Wir sind angekommen!\" tabindex=\"-1\" >\n\t\t\tMehr \u00bb\t\t<\/a>\n\n\t\t\t\t<\/div>\n\t\t\t\t<div class=\"elementor-post__meta-data\">\n\t\t\t\t\t<span class=\"elementor-post-author\">\n\t\t\tAnders Rum\t\t<\/span>\n\t\t\t\t<span class=\"elementor-post-date\">\n\t\t\t7. Juni 2025\t\t<\/span>\n\t\t\t\t<\/div>\n\t\t\t\t\t<\/div>\n\t\t<\/article>\n\t\t\t\t<article class=\"elementor-post elementor-grid-item post-1357 post type-post status-publish format-standard has-post-thumbnail hentry category-reisen\">\n\t\t\t<div class=\"elementor-post__card\">\n\t\t\t\t<a class=\"elementor-post__thumbnail__link\" href=\"https:\/\/anders-rum.com\/index.php\/2025\/06\/06\/es-geht-endlich-los\/\" tabindex=\"-1\" ><div class=\"elementor-post__thumbnail\"><img decoding=\"async\" width=\"300\" height=\"169\" src=\"https:\/\/anders-rum.com\/wp-content\/uploads\/2025\/06\/20250606_135018498_iOS-300x169.jpg\" class=\"attachment-medium size-medium wp-image-1370\" alt=\"\" srcset=\"https:\/\/anders-rum.com\/wp-content\/uploads\/2025\/06\/20250606_135018498_iOS-300x169.jpg 300w, https:\/\/anders-rum.com\/wp-content\/uploads\/2025\/06\/20250606_135018498_iOS-1024x576.jpg 1024w, https:\/\/anders-rum.com\/wp-content\/uploads\/2025\/06\/20250606_135018498_iOS-768x432.jpg 768w, https:\/\/anders-rum.com\/wp-content\/uploads\/2025\/06\/20250606_135018498_iOS-1536x864.jpg 1536w, https:\/\/anders-rum.com\/wp-content\/uploads\/2025\/06\/20250606_135018498_iOS-2048x1152.jpg 2048w\" sizes=\"(max-width: 300px) 100vw, 300px\" \/><\/div><\/a>\n\t\t\t\t<div class=\"elementor-post__badge\">Reisen<\/div>\n\t\t\t\t<div class=\"elementor-post__avatar\">\n\t\t\t<img alt='Anders Rum' src='https:\/\/secure.gravatar.com\/avatar\/398ddbb0e7d4727c78429ef8fadfcff4bc014567dcbe9f4a33fa51fb9d727cb5?s=128&#038;d=mm&#038;r=g' srcset='https:\/\/secure.gravatar.com\/avatar\/398ddbb0e7d4727c78429ef8fadfcff4bc014567dcbe9f4a33fa51fb9d727cb5?s=256&#038;d=mm&#038;r=g 2x' class='avatar avatar-128 photo' height='128' width='128' \/>\t\t<\/div>\n\t\t\t\t<div class=\"elementor-post__text\">\n\t\t\t\t<h4 class=\"elementor-post__title\">\n\t\t\t<a href=\"https:\/\/anders-rum.com\/index.php\/2025\/06\/06\/es-geht-endlich-los\/\" >\n\t\t\t\tEs geht endlich los!\t\t\t<\/a>\n\t\t<\/h4>\n\t\t\t\t<div class=\"elementor-post__excerpt\">\n\t\t\t<p>Tag 0 &#8211; Es geht endlich los! Moin Leute, nachdem ich gestern noch ganz in Ruhe ein g\u00fcltiges Reisedokument bekommen habe (\u2026 falls da mal<\/p>\n\t\t<\/div>\n\t\t\n\t\t<a class=\"elementor-post__read-more\" href=\"https:\/\/anders-rum.com\/index.php\/2025\/06\/06\/es-geht-endlich-los\/\" aria-label=\"Read more about Es geht endlich los!\" tabindex=\"-1\" >\n\t\t\tMehr \u00bb\t\t<\/a>\n\n\t\t\t\t<\/div>\n\t\t\t\t<div class=\"elementor-post__meta-data\">\n\t\t\t\t\t<span class=\"elementor-post-author\">\n\t\t\tAnders Rum\t\t<\/span>\n\t\t\t\t<span class=\"elementor-post-date\">\n\t\t\t6. Juni 2025\t\t<\/span>\n\t\t\t\t<\/div>\n\t\t\t\t\t<\/div>\n\t\t<\/article>\n\t\t\t\t<article class=\"elementor-post elementor-grid-item post-714 post type-post status-publish format-standard has-post-thumbnail hentry category-reisen tag-angeln tag-lyngenfjord tag-norwegen tag-reise\">\n\t\t\t<div class=\"elementor-post__card\">\n\t\t\t\t<a class=\"elementor-post__thumbnail__link\" href=\"https:\/\/anders-rum.com\/index.php\/2025\/05\/19\/vorfreude25\/\" tabindex=\"-1\" ><div class=\"elementor-post__thumbnail\"><img decoding=\"async\" width=\"300\" height=\"225\" src=\"https:\/\/anders-rum.com\/wp-content\/uploads\/2025\/05\/658DAD57-A2BC-4BB8-8CF9-04CCB17CE785-300x225.webp\" class=\"attachment-medium size-medium wp-image-1273\" alt=\"\" srcset=\"https:\/\/anders-rum.com\/wp-content\/uploads\/2025\/05\/658DAD57-A2BC-4BB8-8CF9-04CCB17CE785-300x225.webp 300w, https:\/\/anders-rum.com\/wp-content\/uploads\/2025\/05\/658DAD57-A2BC-4BB8-8CF9-04CCB17CE785-1024x768.webp 1024w, https:\/\/anders-rum.com\/wp-content\/uploads\/2025\/05\/658DAD57-A2BC-4BB8-8CF9-04CCB17CE785-768x576.webp 768w, https:\/\/anders-rum.com\/wp-content\/uploads\/2025\/05\/658DAD57-A2BC-4BB8-8CF9-04CCB17CE785.webp 1280w\" sizes=\"(max-width: 300px) 100vw, 300px\" \/><\/div><\/a>\n\t\t\t\t<div class=\"elementor-post__badge\">Reisen<\/div>\n\t\t\t\t<div class=\"elementor-post__avatar\">\n\t\t\t<img alt='Anders Rum' src='https:\/\/secure.gravatar.com\/avatar\/398ddbb0e7d4727c78429ef8fadfcff4bc014567dcbe9f4a33fa51fb9d727cb5?s=128&#038;d=mm&#038;r=g' srcset='https:\/\/secure.gravatar.com\/avatar\/398ddbb0e7d4727c78429ef8fadfcff4bc014567dcbe9f4a33fa51fb9d727cb5?s=256&#038;d=mm&#038;r=g 2x' class='avatar avatar-128 photo' height='128' width='128' \/>\t\t<\/div>\n\t\t\t\t<div class=\"elementor-post__text\">\n\t\t\t\t<h4 class=\"elementor-post__title\">\n\t\t\t<a href=\"https:\/\/anders-rum.com\/index.php\/2025\/05\/19\/vorfreude25\/\" >\n\t\t\t\tVorfreunde auf das Abenteuer am Lyngenfjord 2025\t\t\t<\/a>\n\t\t<\/h4>\n\t\t\t\t<div class=\"elementor-post__excerpt\">\n\t\t\t<p>Die Vorfreude ist riesig, der Countdown l\u00e4uft! Anders, Albert, Kris und Rico k\u00f6nnen es kaum erwarten, ihre Angelruten zu packen und sich auf den Weg<\/p>\n\t\t<\/div>\n\t\t\n\t\t<a class=\"elementor-post__read-more\" href=\"https:\/\/anders-rum.com\/index.php\/2025\/05\/19\/vorfreude25\/\" aria-label=\"Read more about Vorfreunde auf das Abenteuer am Lyngenfjord 2025\" tabindex=\"-1\" >\n\t\t\tMehr \u00bb\t\t<\/a>\n\n\t\t\t\t<\/div>\n\t\t\t\t<div class=\"elementor-post__meta-data\">\n\t\t\t\t\t<span class=\"elementor-post-author\">\n\t\t\tAnders Rum\t\t<\/span>\n\t\t\t\t<span class=\"elementor-post-date\">\n\t\t\t19. Mai 2025\t\t<\/span>\n\t\t\t\t<\/div>\n\t\t\t\t\t<\/div>\n\t\t<\/article>\n\t\t\t\t<\/div>\n\t\t\n\t\t\t\t\t\t<\/div>\n\t\t\t\t<\/div>\n\t\t\t\t\t<\/div>\n\t\t\t\t<\/div>\n\t\t\t\t<\/div>\n\t\t","protected":false},"excerpt":{"rendered":"","protected":false},"author":1,"featured_media":0,"parent":0,"menu_order":0,"comment_status":"closed","ping_status":"closed","template":"","meta":{"footnotes":""},"class_list":["post-336","page","type-page","status-publish","hentry"],"_links":{"self":[{"href":"https:\/\/anders-rum.com\/index.php\/wp-json\/wp\/v2\/pages\/336","targetHints":{"allow":["GET"]}}],"collection":[{"href":"https:\/\/anders-rum.com\/index.php\/wp-json\/wp\/v2\/pages"}],"about":[{"href":"https:\/\/anders-rum.com\/index.php\/wp-json\/wp\/v2\/types\/page"}],"author":[{"embeddable":true,"href":"https:\/\/anders-rum.com\/index.php\/wp-json\/wp\/v2\/users\/1"}],"replies":[{"embeddable":true,"href":"https:\/\/anders-rum.com\/index.php\/wp-json\/wp\/v2\/comments?post=336"}],"version-history":[{"count":43,"href":"https:\/\/anders-rum.com\/index.php\/wp-json\/wp\/v2\/pages\/336\/revisions"}],"predecessor-version":[{"id":1197,"href":"https:\/\/anders-rum.com\/index.php\/wp-json\/wp\/v2\/pages\/336\/revisions\/1197"}],"wp:attachment":[{"href":"https:\/\/anders-rum.com\/index.php\/wp-json\/wp\/v2\/media?parent=336"}],"curies":[{"name":"wp","href":"https:\/\/api.w.org\/{rel}","templated":true}]}}