{"id":282,"date":"2022-03-06T23:48:46","date_gmt":"2022-03-06T22:48:46","guid":{"rendered":"https:\/\/anders-rum.com\/?page_id=282"},"modified":"2025-05-19T12:20:09","modified_gmt":"2025-05-19T12:20:09","slug":"kombuese","status":"publish","type":"page","link":"https:\/\/anders-rum.com\/index.php\/kombuese\/","title":{"rendered":"Komb\u00fcse"},"content":{"rendered":"<!--vcv no format--><!-- vcwb\/dynamicElementComment:911e4915 --><!-- vcwb\/dynamicElementComment:443e5b78 --><!-- \/vcwb\/dynamicElementComment:443e5b78 --><!-- vcwb\/dynamicElementComment:911e4915 --><!-- \/vcwb\/dynamicElementComment:911e4915 --><!-- vcwb\/dynamicElementComment:f7c32da0 -->\r\n<div class=\"vce-row-container\" data-vce-boxed-width=\"true\">\r\n<div id=\"el-f7c32da0\" class=\"vce-row vce-row--col-gap-30 vce-row-content--top\" data-vce-do-apply=\"all el-f7c32da0\">\r\n<div class=\"vce-content-background-container\">\u00a0<\/div>\r\n<div class=\"vce-row-content\" data-vce-element-content=\"true\"><!-- vcwb\/dynamicElementComment:7d18735a -->\r\n<div id=\"el-7d18735a\" class=\"vce-col vce-col--md-16-66p vce-col--xs-1 vce-col--xs-last vce-col--xs-first vce-col--sm-last vce-col--sm-first vce-col--md-first vce-col--lg-first vce-col--xl-first\">\r\n<div class=\"vce-col-inner\" data-vce-do-apply=\"border margin background  el-7d18735a\">\r\n<div class=\"vce-col-content\" data-vce-element-content=\"true\" data-vce-do-apply=\"padding el-7d18735a\">\r\n<div>\u00a0<\/div>\r\n<\/div>\r\n<\/div>\r\n<\/div>\r\n<!-- \/vcwb\/dynamicElementComment:7d18735a --><!-- vcwb\/dynamicElementComment:561db866 -->\r\n<div id=\"el-561db866\" class=\"vce-col vce-col--md-66-66p vce-col--xs-1 vce-col--xs-last vce-col--xs-first vce-col--sm-last vce-col--sm-first\">\r\n<div class=\"vce-col-inner\" data-vce-do-apply=\"border margin background  el-561db866\">\r\n<div class=\"vce-col-content\" data-vce-element-content=\"true\" data-vce-do-apply=\"padding el-561db866\"><!-- vcwb\/dynamicElementComment:50d91553 -->\r\n<div class=\"vce-single-image-container vce-single-image--align-center\">\r\n<div id=\"el-50d91553\" class=\"vce vce-single-image-wrapper\" data-vce-do-apply=\"all el-50d91553\">\r\n<figure>\r\n<div class=\"vce-single-image-figure-inner\" style=\"width: 81px;\">\r\n<div class=\"vce-single-image-inner vce-single-image--absolute\" style=\"width: 100%; padding-bottom: 77.7778%;\"><img decoding=\"async\" class=\"vce-single-image\" title=\"fish-symbol\" src=\"|!|vcvAssetsUploadUrl|!|templates\/5bd3098d3a88e\/assets\/elements\/fish-symbol.png\" alt=\"\" data-img-src=\"|!|vcvAssetsUploadUrl|!|templates\/5bd3098d3a88e\/assets\/elements\/fish-symbol.png\" \/><\/div>\r\n<\/div>\r\n<figcaption hidden=\"\"><\/figcaption>\r\n<\/figure>\r\n<\/div>\r\n<\/div>\r\n<!-- \/vcwb\/dynamicElementComment:50d91553 --><!-- vcwb\/dynamicElementComment:2656b3e8 -->\r\n<div class=\"vce-google-fonts-heading vce-google-fonts-heading--align-center vce-google-fonts-heading--color-b-68-97-130--45--5C00FF--FF7200 vce-google-fonts-heading--font-family-Montserrat\">\r\n<div class=\"vce-google-fonts-heading-wrapper\">\r\n<div id=\"el-2656b3e8\" class=\"vce-google-fonts-heading--background vce\" data-vce-do-apply=\"border background  padding margin el-2656b3e8\">\r\n<h1 class=\"vce-google-fonts-heading-inner\" style=\"font-size: 36px; letter-spacing: 8px; font-weight: 300; font-style: normal;\">WILLKOMMEN IN DER KOMB\u00dcSE VON ANDERS RUM<\/h1>\r\n<\/div>\r\n<\/div>\r\n<\/div>\r\n<!-- \/vcwb\/dynamicElementComment:2656b3e8 --><!-- vcwb\/dynamicElementComment:4ceea0a7 -->\r\n<div class=\"vce-text-block\">\r\n<div id=\"el-4ceea0a7\" class=\"vce-text-block-wrapper vce\" data-vce-do-apply=\"all el-4ceea0a7\">\r\n<p style=\"text-align: center;\"><span style=\"color: #808080;\">Bald angeln und kochen wir in Koppangen in Norwegen f\u00fcr Euch. F\u00fcr Rezeptideen sind wir offen unter <\/span><span style=\"color: #808080; letter-spacing: 0.01rem;\">kochen<\/span><span style=\"letter-spacing: 0.01rem; color: #5c96da;\">@anders-rum.com<\/span><\/p>\r\n<\/div>\r\n<\/div>\r\n<!-- \/vcwb\/dynamicElementComment:4ceea0a7 --><\/div>\r\n<\/div>\r\n<\/div>\r\n<!-- \/vcwb\/dynamicElementComment:561db866 --><!-- vcwb\/dynamicElementComment:31a124be -->\r\n<div id=\"el-31a124be\" class=\"vce-col vce-col--md-16-66p vce-col--xs-1 vce-col--xs-last vce-col--xs-first vce-col--sm-last vce-col--sm-first vce-col--md-last vce-col--lg-last vce-col--xl-last\">\r\n<div class=\"vce-col-inner\" data-vce-do-apply=\"border margin background  el-31a124be\">\r\n<div class=\"vce-col-content\" data-vce-element-content=\"true\" data-vce-do-apply=\"padding el-31a124be\">\r\n<div>\u00a0<\/div>\r\n<\/div>\r\n<\/div>\r\n<\/div>\r\n<!-- \/vcwb\/dynamicElementComment:31a124be --><\/div>\r\n<\/div>\r\n<\/div>\r\n<!-- \/vcwb\/dynamicElementComment:f7c32da0 --><!-- vcwb\/dynamicElementComment:1192998a -->\r\n<div class=\"vce-row-container\" data-vce-boxed-width=\"true\">\r\n<div id=\"el-1192998a\" class=\"vce-row vce-row--col-gap-30 vce-row-equal-height vce-row-content--top\" data-vce-do-apply=\"all el-1192998a\">\r\n<div class=\"vce-row-content\" data-vce-element-content=\"true\"><!-- vcwb\/dynamicElementComment:fe840fae -->\r\n<div id=\"el-fe840fae\" class=\"vce-col vce-col--md-auto vce-col--xs-1 vce-col--xs-last vce-col--xs-first vce-col--sm-last vce-col--sm-first vce-col--md-last vce-col--lg-last vce-col--xl-last vce-col--md-first vce-col--lg-first vce-col--xl-first\">\r\n<div class=\"vce-col-inner\" data-vce-do-apply=\"border margin background  el-fe840fae\">\r\n<div class=\"vce-col-content\" data-vce-element-content=\"true\" data-vce-do-apply=\"padding el-fe840fae\"><!-- vcwb\/dynamicElementComment:8acefb9a -->\r\n<div id=\"el-8acefb9a\" class=\"vce vce-double-separator-container vce-double-separator--align-center\" data-vce-do-apply=\"margin el-8acefb9a\">\r\n<div class=\"vce-double-separator vce-double-separator--color-b-92-150-218 vce-double-separator--width-60\" data-vce-do-apply=\"border padding background  el-8acefb9a\">\u00a0<\/div>\r\n<\/div>\r\n<!-- \/vcwb\/dynamicElementComment:8acefb9a --><\/div>\r\n<\/div>\r\n<\/div>\r\n<!-- \/vcwb\/dynamicElementComment:fe840fae --><\/div>\r\n<\/div>\r\n<\/div>\r\n<!-- \/vcwb\/dynamicElementComment:1192998a --><!-- vcwb\/dynamicElementComment:680a77a4 --><!-- \/vcwb\/dynamicElementComment:680a77a4 --><!-- vcwb\/dynamicElementComment:0002b03b --><!-- \/vcwb\/dynamicElementComment:0002b03b --><!-- vcwb\/dynamicElementComment:02b11296 --><!-- \/vcwb\/dynamicElementComment:02b11296 --><!-- vcwb\/dynamicElementComment:e355f8b6 --><!-- vcwb\/dynamicElementComment:596e30fe --><!-- \/vcwb\/dynamicElementComment:596e30fe --><!-- vcwb\/dynamicElementComment:e355f8b6 -->\r\n<div class=\"vce-row-container\" data-vce-boxed-width=\"true\">\r\n<div id=\"el-e355f8b6\" class=\"vce-row vce-row--xl--has-col-background vce-row--col-gap-30 vce-row-content--top\" data-vce-do-apply=\"all el-e355f8b6\">\r\n<div class=\"vce-content-background-container\">\u00a0<\/div>\r\n<div class=\"vce-row-content\" data-vce-element-content=\"true\"><!-- vcwb\/dynamicElementComment:a3fcf7ac -->\r\n<div id=\"el-a3fcf7ac\" class=\"vce-col vce-col--xs-100p vce-col--xs-visible vce-col--xs-last vce-col--xs-first vce-col--sm-100p vce-col--sm-visible vce-col--sm-last vce-col--sm-first vce-col--md-5p vce-col--md-visible vce-col--md-first vce-col--lg-5p vce-col--lg-visible vce-col--lg-first vce-col--xl-5p vce-col--xl-visible vce-col--xl-first\">\r\n<div class=\"vce-col-inner\" data-vce-do-apply=\"border margin background  el-a3fcf7ac\">\r\n<div class=\"vce-col-content\" data-vce-element-content=\"true\" data-vce-do-apply=\"padding el-a3fcf7ac\">\r\n<div>\u00a0<\/div>\r\n<\/div>\r\n<\/div>\r\n<\/div>\r\n<!-- \/vcwb\/dynamicElementComment:a3fcf7ac --><!-- vcwb\/dynamicElementComment:9e4011b3 -->\r\n<div id=\"el-9e4011b3\" class=\"vce-col vce-element--xl--has-background vce-col--xs-100p vce-col--xs-visible vce-col--xs-last vce-col--xs-first vce-col--sm-100p vce-col--sm-visible vce-col--sm-last vce-col--sm-first vce-col--md-45p vce-col--md-visible vce-col--lg-45p vce-col--lg-visible vce-col--xl-45p vce-col--xl-visible\">\r\n<div class=\"vce-col-inner\" data-vce-do-apply=\"border margin background  el-9e4011b3\">\r\n<div class=\"vce-content-background-container\">\r\n<div class=\"vce-asset-color-gradient-container vce-visible-xl-only\" data-vce-do-apply=\"gradient el-9e4011b3\">\u00a0<\/div>\r\n<div class=\"vce-asset-color-gradient-container vce-visible-lg-only\" data-vce-do-apply=\"gradient el-9e4011b3\">\u00a0<\/div>\r\n<div class=\"vce-asset-color-gradient-container vce-visible-md-only\" data-vce-do-apply=\"gradient el-9e4011b3\">\u00a0<\/div>\r\n<div class=\"vce-asset-color-gradient-container vce-visible-sm-only\" data-vce-do-apply=\"gradient el-9e4011b3\">\u00a0<\/div>\r\n<div class=\"vce-asset-color-gradient-container vce-visible-xs-only\" data-vce-do-apply=\"gradient el-9e4011b3\">\u00a0<\/div>\r\n<\/div>\r\n<div class=\"vce-col-content\" data-vce-element-content=\"true\" data-vce-do-apply=\"padding el-9e4011b3\"><!-- vcwb\/dynamicElementComment:075169f5 -->\r\n<div class=\"vce-text-block\">\r\n<div id=\"el-075169f5\" class=\"vce-text-block-wrapper vce\" data-vce-do-apply=\"all el-075169f5\">\r\n<h1>Seelachsfilet auf Kirschtomaten aus der Pfanne<\/h1>\r\n<\/div>\r\n<\/div>\r\n<!-- \/vcwb\/dynamicElementComment:075169f5 --><!-- vcwb\/dynamicElementComment:5a2ce8df -->\r\n<div class=\"vce-single-image-container vce-single-image--align-left\">\r\n<div id=\"el-5a2ce8df\" class=\"vce vce-single-image-wrapper\" data-vce-do-apply=\"all el-5a2ce8df\" data-vce-animate=\"vce-o-animate--slideInUp\">\r\n<figure>\r\n<div class=\"vce-single-image-figure-inner\" style=\"width: 1792px;\"><a class=\"vce-single-image-inner vce-single-image--absolute\" style=\"padding-bottom: 66.6853%; width: 100%;\" title=\"\" href=\"https:\/\/anders-rum.com\/kombuese\/rezept1\/\" target=\"_blank\" rel=\"noopener\"><img decoding=\"async\" class=\"vce-single-image\" title=\"IMG_0660_comp\" src=\"|!|vcvUploadUrl|!|\/2022\/03\/IMG_0660_comp.jpg\" alt=\"\" data-img-src=\"|!|vcvUploadUrl|!|\/2022\/03\/IMG_0660_comp.jpg\" \/><\/a><\/div>\r\n<figcaption hidden=\"\"><\/figcaption>\r\n<\/figure>\r\n<\/div>\r\n<\/div>\r\n<!-- \/vcwb\/dynamicElementComment:5a2ce8df --><\/div>\r\n<\/div>\r\n<\/div>\r\n<!-- \/vcwb\/dynamicElementComment:9e4011b3 --><!-- vcwb\/dynamicElementComment:1eeaee9f -->\r\n<div id=\"el-1eeaee9f\" class=\"vce-col vce-element--xl--has-background vce-col--xs-100p vce-col--xs-visible vce-col--xs-last vce-col--xs-first vce-col--sm-100p vce-col--sm-visible vce-col--sm-last vce-col--sm-first vce-col--md-45p vce-col--md-visible vce-col--lg-45p vce-col--lg-visible vce-col--xl-45p vce-col--xl-visible\">\r\n<div class=\"vce-col-inner\" data-vce-do-apply=\"border margin background  el-1eeaee9f\">\r\n<div class=\"vce-content-background-container\">\r\n<div class=\"vce-asset-color-gradient-container vce-visible-xl-only\" data-vce-do-apply=\"gradient el-1eeaee9f\">\u00a0<\/div>\r\n<div class=\"vce-asset-color-gradient-container vce-visible-lg-only\" data-vce-do-apply=\"gradient el-1eeaee9f\">\u00a0<\/div>\r\n<div class=\"vce-asset-color-gradient-container vce-visible-md-only\" data-vce-do-apply=\"gradient el-1eeaee9f\">\u00a0<\/div>\r\n<div class=\"vce-asset-color-gradient-container vce-visible-sm-only\" data-vce-do-apply=\"gradient el-1eeaee9f\">\u00a0<\/div>\r\n<div class=\"vce-asset-color-gradient-container vce-visible-xs-only\" data-vce-do-apply=\"gradient el-1eeaee9f\">\u00a0<\/div>\r\n<\/div>\r\n<div class=\"vce-col-content\" data-vce-element-content=\"true\" data-vce-do-apply=\"padding el-1eeaee9f\"><!-- vcwb\/dynamicElementComment:d657fcb4 -->\r\n<div class=\"vce-single-image-container vce-single-image--align-left\">\r\n<div id=\"el-d657fcb4\" class=\"vce vce-single-image-wrapper\" data-vce-do-apply=\"all el-d657fcb4\" data-vce-animate=\"vce-o-animate--slideInDown\">\r\n<figure>\r\n<div class=\"vce-single-image-figure-inner\" style=\"width: 800px;\"><a class=\"vce-single-image-inner vce-single-image--absolute\" style=\"padding-bottom: 125%; width: 100%;\" title=\"\" href=\"https:\/\/anders-rum.com\/kombuese\/visual-composer-647\/\" target=\"_blank\" rel=\"noopener\"><img decoding=\"async\" class=\"vce-single-image\" title=\"photo-1605461682195-9fd4d079a41d\" src=\"|!|vcvUploadUrl|!|\/2023\/01\/photo-1605461682195-9fd4d079a41d.jpg\" alt=\"\" data-img-src=\"|!|vcvUploadUrl|!|\/2023\/01\/photo-1605461682195-9fd4d079a41d.jpg\" \/><\/a><\/div>\r\n<figcaption hidden=\"\"><\/figcaption>\r\n<\/figure>\r\n<\/div>\r\n<\/div>\r\n<!-- \/vcwb\/dynamicElementComment:d657fcb4 --><!-- vcwb\/dynamicElementComment:6cc007df -->\r\n<div class=\"vce-text-block\">\r\n<div id=\"el-6cc007df\" class=\"vce-text-block-wrapper vce\" data-vce-do-apply=\"all el-6cc007df\">\r\n<h1>Nordische Bouillabaise<\/h1>\r\n<h1 style=\"line-height: 0.75;\"><span style=\"font-size: 14pt;\">mit Dorsch, Seelachs, Heilbutt, Leng und Meeresfr\u00fcchten<\/span><\/h1>\r\n<\/div>\r\n<\/div>\r\n<!-- \/vcwb\/dynamicElementComment:6cc007df --><\/div>\r\n<\/div>\r\n<\/div>\r\n<!-- \/vcwb\/dynamicElementComment:1eeaee9f --><!-- vcwb\/dynamicElementComment:73fc6cae -->\r\n<div id=\"el-73fc6cae\" class=\"vce-col vce-col--xs-100p vce-col--xs-visible vce-col--xs-last vce-col--xs-first vce-col--sm-100p vce-col--sm-visible vce-col--sm-last vce-col--sm-first vce-col--md-5p vce-col--md-visible vce-col--md-last vce-col--lg-5p vce-col--lg-visible vce-col--lg-last vce-col--xl-5p vce-col--xl-visible vce-col--xl-last\">\r\n<div class=\"vce-col-inner\" data-vce-do-apply=\"border margin background  el-73fc6cae\">\r\n<div class=\"vce-col-content\" data-vce-element-content=\"true\" data-vce-do-apply=\"padding el-73fc6cae\">\r\n<div>\u00a0<\/div>\r\n<\/div>\r\n<\/div>\r\n<\/div>\r\n<!-- \/vcwb\/dynamicElementComment:73fc6cae --><\/div>\r\n<\/div>\r\n<\/div>\r\n<!-- \/vcwb\/dynamicElementComment:e355f8b6 --><!-- vcwb\/dynamicElementComment:02b11296 --><!-- vcwb\/dynamicElementComment:0002b03b --><!-- vcwb\/dynamicElementComment:680a77a4 --><!-- \/vcwb\/dynamicElementComment:680a77a4 --><!-- vcwb\/dynamicElementComment:0002b03b --><!-- vcwb\/dynamicElementComment:596e30fe -->\r\n<div class=\"vce-row-container\" data-vce-boxed-width=\"true\">\r\n<div id=\"el-596e30fe\" class=\"vce-row vce-row--col-gap-30 vce-row-equal-height vce-row-content--top\" data-vce-do-apply=\"all el-596e30fe\">\r\n<div class=\"vce-row-content\" data-vce-element-content=\"true\"><!-- vcwb\/dynamicElementComment:d7457ca7 -->\r\n<div id=\"el-d7457ca7\" class=\"vce-col vce-col--md-auto vce-col--xs-1 vce-col--xs-last vce-col--xs-first vce-col--sm-last vce-col--sm-first vce-col--md-last vce-col--lg-last vce-col--xl-last vce-col--md-first vce-col--lg-first vce-col--xl-first\">\r\n<div class=\"vce-col-inner\" data-vce-do-apply=\"border margin background  el-d7457ca7\">\r\n<div class=\"vce-col-content\" data-vce-element-content=\"true\" data-vce-do-apply=\"padding el-d7457ca7\"><!-- vcwb\/dynamicElementComment:0ae68a35 -->\r\n<div id=\"el-0ae68a35\" class=\"vce vce-double-separator-container vce-double-separator--align-center\" data-vce-do-apply=\"margin el-0ae68a35\">\r\n<div class=\"vce-double-separator vce-double-separator--color-b-92-150-218 vce-double-separator--width-60\" data-vce-do-apply=\"border padding background  el-0ae68a35\">\u00a0<\/div>\r\n<\/div>\r\n<!-- \/vcwb\/dynamicElementComment:0ae68a35 --><\/div>\r\n<\/div>\r\n<\/div>\r\n<!-- \/vcwb\/dynamicElementComment:d7457ca7 --><\/div>\r\n<\/div>\r\n<\/div>\r\n<!-- \/vcwb\/dynamicElementComment:596e30fe --><!-- vcwb\/dynamicElementComment:0002b03b --><!-- vcwb\/dynamicElementComment:680a77a4 -->\r\n<div class=\"vce-row-container\" data-vce-boxed-width=\"true\">\r\n<div id=\"el-680a77a4\" class=\"vce-row vce-row--col-gap-30 vce-row-content--top\" data-vce-do-apply=\"all el-680a77a4\">\r\n<div class=\"vce-content-background-container\">\u00a0<\/div>\r\n<\/div>\r\n<\/div>\r\n<!-- \/vcwb\/dynamicElementComment:680a77a4 --><!-- vcwb\/dynamicElementComment:0002b03b -->\r\n<div class=\"vce-row-container\" data-vce-boxed-width=\"true\">\r\n<div id=\"el-0002b03b\" class=\"vce-row vce-row--col-gap-30 vce-row-equal-height vce-row-content--top\" data-vce-do-apply=\"all el-0002b03b\">\r\n<div class=\"vce-row-content\" data-vce-element-content=\"true\"><!-- vcwb\/dynamicElementComment:c14285e3 -->\r\n<div id=\"el-c14285e3\" class=\"vce-col vce-col--md-auto vce-col--xs-1 vce-col--xs-last vce-col--xs-first vce-col--sm-last vce-col--sm-first vce-col--md-last vce-col--lg-last vce-col--xl-last vce-col--md-first vce-col--lg-first vce-col--xl-first\">\r\n<div class=\"vce-col-inner\" data-vce-do-apply=\"border margin background  el-c14285e3\">\r\n<div class=\"vce-col-content\" data-vce-element-content=\"true\" data-vce-do-apply=\"padding el-c14285e3\">\r\n<div>\u00a0<\/div>\r\n<\/div>\r\n<\/div>\r\n<\/div>\r\n<!-- \/vcwb\/dynamicElementComment:c14285e3 --><\/div>\r\n<\/div>\r\n<\/div>\r\n<!-- \/vcwb\/dynamicElementComment:0002b03b --><!--vcv no format-->","protected":false},"excerpt":{"rendered":"<p>\u00a0 WILLKOMMEN IN DER KOMB\u00dcSE VON ANDERS RUM Bald angeln und kochen wir in Koppangen in Norwegen f\u00fcr Euch. F\u00fcr Rezeptideen sind wir offen unter kochen@anders-rum.com \u00a0 \u00a0 \u00a0 \u00a0 \u00a0 \u00a0 \u00a0 Seelachsfilet auf Kirschtomaten aus der Pfanne \u00a0 \u00a0 \u00a0 \u00a0 \u00a0 Nordische Bouillabaise mit Dorsch, Seelachs, Heilbutt, Leng und Meeresfr\u00fcchten \u00a0 \u00a0<\/p>\n","protected":false},"author":1,"featured_media":0,"parent":0,"menu_order":0,"comment_status":"closed","ping_status":"closed","template":"","meta":{"footnotes":""},"class_list":["post-282","page","type-page","status-publish","hentry"],"_links":{"self":[{"href":"https:\/\/anders-rum.com\/index.php\/wp-json\/wp\/v2\/pages\/282","targetHints":{"allow":["GET"]}}],"collection":[{"href":"https:\/\/anders-rum.com\/index.php\/wp-json\/wp\/v2\/pages"}],"about":[{"href":"https:\/\/anders-rum.com\/index.php\/wp-json\/wp\/v2\/types\/page"}],"author":[{"embeddable":true,"href":"https:\/\/anders-rum.com\/index.php\/wp-json\/wp\/v2\/users\/1"}],"replies":[{"embeddable":true,"href":"https:\/\/anders-rum.com\/index.php\/wp-json\/wp\/v2\/comments?post=282"}],"version-history":[{"count":1,"href":"https:\/\/anders-rum.com\/index.php\/wp-json\/wp\/v2\/pages\/282\/revisions"}],"predecessor-version":[{"id":1048,"href":"https:\/\/anders-rum.com\/index.php\/wp-json\/wp\/v2\/pages\/282\/revisions\/1048"}],"wp:attachment":[{"href":"https:\/\/anders-rum.com\/index.php\/wp-json\/wp\/v2\/media?parent=282"}],"curies":[{"name":"wp","href":"https:\/\/api.w.org\/{rel}","templated":true}]}}